{"id":4413,"date":"2023-12-06T10:34:12","date_gmt":"2023-12-06T10:34:12","guid":{"rendered":"https:\/\/gift.yoursporto.com\/?post_type=product&#038;p=4413"},"modified":"2025-12-23T12:59:10","modified_gmt":"2025-12-23T12:59:10","slug":"alojamento","status":"publish","type":"product","link":"https:\/\/gift.yoursporto.com\/?product=alojamento","title":{"rendered":"Alojamento"},"content":{"rendered":"<ul>\n<li><span style=\"font-size: 14px;\">Ap\u00f3s compra com sucesso receber\u00e1 um email com o(s) GiftCard(s)<\/span><\/li>\n<li><span style=\"font-size: 14px;\">Cada GiftCard \u00e9 v\u00e1lido por 12 meses, a contar da data presente no recibo de compra.<\/span><\/li>\n<li><span style=\"font-size: 14px;\">Para usufruir da oferta, \u00e9 necess\u00e1rio efetuar uma reserva junto ao alojamento com pelo menos 48 horas de anteced\u00eancia da data desejada para a utiliza\u00e7\u00e3o.<\/span><\/li>\n<li><span style=\"font-size: 14px;\">No dia reservado para a utiliza\u00e7\u00e3o da oferta, \u00e9 obrigat\u00f3ria a apresenta\u00e7\u00e3o do GiftCard original.<\/span><\/li>\n<li><span style=\"font-size: 14px;\">Cada GiftCard \u00e9 carregado com o saldo indicado pelo cliente no momento da compra.<\/span><\/li>\n<li><span style=\"font-size: 14px;\">Se o valor total da reserva exceder o valor do voucher, o cliente deve complementar o montante restante.<\/span><\/li>\n<li><span style=\"font-size: 14px;\">A reserva previamente feita pode ser alterada, desde que comunicada ao alojamento com pelo menos 48 horas de anteced\u00eancia da data j\u00e1 reservada.<\/span><\/li>\n<li><span style=\"font-size: 14px;\">Em caso de n\u00e3o comparecimento ou cancelamento da reserva com menos de 72 horas de anteced\u00eancia, o GiftCard ser\u00e1 considerado utilizado.<\/span><\/li>\n<li><span style=\"font-size: 14px;\">Em casos de perda, roubo, n\u00e3o utiliza\u00e7\u00e3o ou deteriora\u00e7\u00e3o do GiftCard, o benefici\u00e1rio n\u00e3o ter\u00e1 direito a qualquer compensa\u00e7\u00e3o ou reembolso, sendo considerado, para todos os efeitos, como utilizado.<\/span><\/li>\n<li><span style=\"font-size: 14px;\">Os GiftCard n\u00e3o podem, em qualquer circunst\u00e2ncia, ser convertidos em dinheiro nem reembolsados. Ao atingir a data limite de validade, o GiftCard \u00e9 automaticamente considerado expirado, mesmo que a oferta nele contida n\u00e3o tenha sido utilizada.<\/span><\/li>\n<\/ul>\n","protected":false},"excerpt":{"rendered":"Ap\u00f3s compra com sucesso receber\u00e1 um email com o(s) GiftCard(s) Cada GiftCard \u00e9 v\u00e1lido por 12 meses, a contar da data presente no recibo de compra. Para usufruir da oferta, \u00e9 necess\u00e1rio efetuar uma reserva junto ao alojamento com pelo menos 48 horas de anteced\u00eancia da data desejada para a utiliza\u00e7\u00e3o. No dia reservado para[&#8230;]","protected":false},"featured_media":4417,"template":"","meta":{"_eb_attr":"","_monsterinsights_skip_tracking":false,"_monsterinsights_sitenote_active":false,"_monsterinsights_sitenote_note":"","_monsterinsights_sitenote_category":0},"product_cat":[91],"product_tag":[],"aioseo_notices":[],"jetpack_sharing_enabled":true,"_links":{"self":[{"href":"https:\/\/gift.yoursporto.com\/index.php?rest_route=\/wp\/v2\/product\/4413"}],"collection":[{"href":"https:\/\/gift.yoursporto.com\/index.php?rest_route=\/wp\/v2\/product"}],"about":[{"href":"https:\/\/gift.yoursporto.com\/index.php?rest_route=\/wp\/v2\/types\/product"}],"wp:featuredmedia":[{"embeddable":true,"href":"https:\/\/gift.yoursporto.com\/index.php?rest_route=\/wp\/v2\/media\/4417"}],"wp:attachment":[{"href":"https:\/\/gift.yoursporto.com\/index.php?rest_route=%2Fwp%2Fv2%2Fmedia&parent=4413"}],"wp:term":[{"taxonomy":"product_cat","embeddable":true,"href":"https:\/\/gift.yoursporto.com\/index.php?rest_route=%2Fwp%2Fv2%2Fproduct_cat&post=4413"},{"taxonomy":"product_tag","embeddable":true,"href":"https:\/\/gift.yoursporto.com\/index.php?rest_route=%2Fwp%2Fv2%2Fproduct_tag&post=4413"}],"curies":[{"name":"wp","href":"https:\/\/api.w.org\/{rel}","templated":true}]}}